{"id":62,"date":"2018-05-29T11:17:10","date_gmt":"2018-05-29T09:17:10","guid":{"rendered":"https:\/\/www.aero-club-poitou.fr\/boutique\/?page_id=62"},"modified":"2018-05-29T13:15:11","modified_gmt":"2018-05-29T11:15:11","slug":"politique-de-confidentialite","status":"publish","type":"page","link":"https:\/\/www.aero-club-poitou.fr\/boutique\/politique-de-confidentialite\/","title":{"rendered":"Politique de confidentialit\u00e9"},"content":{"rendered":"<h2>Qui sommes-nous ?<\/h2>\n<p><strong>L&rsquo;A\u00e9roclub du Poitou<\/strong> (SIRET 78156486900027) est une association type Loi 1901 \u00e0 but non lucratif et d\u00e9clar\u00e9e aupr\u00e8s de la pr\u00e9fecture de\u00a0Poitiers.<br \/>\nVous pouvez nous trouver : <strong>rue du sous lieutenant Raymond Collard,\u00a086580 Biard<\/strong><br \/>\nn\u00b0\u00a0de t\u00e9l\u00e9phone:\u00a0+33(0)5 49 58 22 14,<br \/>\nadresse mail:\u00a0boutique@aero-club-poitou.fr,<\/p>\n<p>repr\u00e9sentant l\u00e9gal : Jean Marie\u00a0Arnault.<\/p>\n<h2>Utilisation des donn\u00e9es personnelles collect\u00e9es<\/h2>\n<p>Lors de vos commandes sur notre boutique, vos donn\u00e9es sont collect\u00e9es par\u00a0L&rsquo;association\u00a0A\u00e9roclub du Poitou.<\/p>\n<p>Une donn\u00e9e \u00e0 caract\u00e8re personnel d\u00e9signe toute information concernant une personne physique identifi\u00e9e ou identifiable (personne concern\u00e9e); est r\u00e9put\u00e9e\u00a0identifiable une personne qui peut \u00eatre identifi\u00e9e, directement ou indirectement, notamment par r\u00e9f\u00e9rence \u00e0 un nom, un num\u00e9ro d&rsquo;identification ou \u00e0 un ou plusieurs \u00e9l\u00e9ments sp\u00e9cifiques, propres \u00e0 son identit\u00e9 physique, physiologique, g\u00e9n\u00e9tique, psychique, \u00e9conomique, culturelle ou sociale.<\/p>\n<p>Les informations personnelles qui sont recueillies sur le site sont uniquement utilis\u00e9es pour le traitement de vos commandes, r\u00e9pondre \u00e0 vos demandes et pour pouvoir vous contacter le cas \u00e9ch\u00e9ant.<\/p>\n<p>Les donn\u00e9es personnelles collect\u00e9es sont les suivantes:<br \/>\n&#8211; Nom et pr\u00e9nom<br \/>\n&#8211; Adresse<br \/>\n&#8211; Adresse mail<br \/>\n&#8211; Num\u00e9ro de t\u00e9l\u00e9phone<br \/>\n&#8211; Donn\u00e9es financi\u00e8res: les donn\u00e9es relatives \u00e0 la carte bancaire de l&rsquo;utilisateur ne sont pas enregistr\u00e9es par notre boutique Elles sont trait\u00e9es par la plateforme bancaire stripe.com. Seul le r\u00e9sultat du traitement de la carte bancaire est connu de notre site.<\/p>\n<h2>Cookies<\/h2>\n<p>La boutique de l\u2019a\u00e9roclub du Poitou utilise des cookies par exemple pour conserver le contenu de votre panier.\u00a0Un cookie est un fichier de petite taille, qui ne permet pas l\u2019identification de l\u2019utilisateur, mais qui enregistre des informations relatives \u00e0 la navigation d\u2019un ordinateur sur un site.<\/p>\n<p>Des cookies sont \u00e9crit :<\/p>\n<ul>\n<li>A la cr\u00e9ation de votre compte et quand vous vous connectez sur ce site, un cookie temporaire sera cr\u00e9\u00e9 afin de d\u00e9terminer si votre navigateur accepte les cookies. Il ne contient pas de donn\u00e9es personnelles et sera supprim\u00e9 automatiquement \u00e0 la fermeture de votre navigateur.<\/li>\n<li>Lorsque vous vous connecterez, nous mettrons en place un certain nombre de cookies pour enregistrer vos informations de connexion et vos pr\u00e9f\u00e9rences d\u2019\u00e9cran. La dur\u00e9e de vie d\u2019un cookie de connexion est de deux jours, celle d\u2019un cookie d\u2019option d\u2019\u00e9cran est d\u2019un an. Si vous cochez \u00ab Se souvenir de moi \u00bb, votre cookie de connexion sera conserv\u00e9 pendant deux semaines. Si vous vous d\u00e9connectez de votre compte, le cookie de connexion sera effac\u00e9.<\/li>\n<li>Pour suivre les contenus du panier pendant que vous naviguez sur notre site.<\/li>\n<li>Lors de votre paiement par carte bancaire : le service stripe.com utilise 2 cookies pour suivre le processus de paiement<\/li>\n<\/ul>\n<p><strong>La boutique de l&rsquo;a\u00e9roclub du Poitou n&rsquo;utilise pas de cookie tiers tels que ceux utilis\u00e9s dans le marketing ou la publicit\u00e9 en ligne.<\/strong><\/p>\n<h2>Utilisation et transmission de vos donn\u00e9es personnelles<\/h2>\n<p>Nous ne partageons aucune vos informations personnelles \u00e0 l&rsquo;exception de votre nom et votre email qui sont utilis\u00e9s par Stripe.com pour le paiement de carte de cr\u00e9dit. Stripe.com est conforme au r\u00e8glements europ\u00e9en de traitement des donn\u00e9es personnelles. Vous pouvez consulter leur politique de confidentialit\u00e9 ici : <a href=\"https:\/\/stripe.com\/privacy-shield-policy\">https:\/\/stripe.com\/privacy-shield-policy<\/a><\/p>\n<h2>Dur\u00e9es de stockage de vos donn\u00e9es<\/h2>\n<p>La boutique de l&rsquo;a\u00e9roclub du Poitou conserve vos donn\u00e9es personnelles et vos commandes afin de vous permettre de retrouver vos informations plus facilement lors d&rsquo;une nouvelle commande, vous permettre de consulter vos commande pass\u00e9es et de vous apporter de l&rsquo;assistance. Cependant <strong>apr\u00e8s 12 mois sans connexion \u00e0 votre compte, celui ci sera effac\u00e9<\/strong> ainsi que toutes vos donn\u00e9es et commandes. Apr\u00e8s ce d\u00e9lais, vous pourrez commander \u00e0 nouveau sur notre site, il vous faudra alors vous cr\u00e9er un nouveau compte.<\/p>\n<h2>Les droits que vous avez sur vos donn\u00e9es<\/h2>\n<p>Sur votre compte vous avez acc\u00e8s \u00e0 un formulaire vous permettant de demander \u00e0 recevoir un fichier contenant toutes les donn\u00e9es personnelles que nous poss\u00e9dons \u00e0 votre sujet, incluant celles que vous nous avez fournies. Vous pouvez \u00e9galement demander la suppression des donn\u00e9es personnelles vous concernant. Cela ne prend pas en compte les donn\u00e9es stock\u00e9es \u00e0 des fins administratives, l\u00e9gales ou pour des raisons de s\u00e9curit\u00e9.<\/p>\n<h2>Informations de contact<\/h2>\n<p>Des questions ? Vous pouvez nous contacter<br \/>\n&#8211; par email : boutique@aero-club-poitou.fr<br \/>\n&#8211; par t\u00e9l\u00e9phone : +33(0)5 49 58 22 14<br \/>\n&#8211; par courrier : A\u00e9roclub du Poitou &#8211; rue du sous lieutenant Raymond Collard &#8211;\u00a086580 Biard<\/p>\n","protected":false},"excerpt":{"rendered":"<p>Qui sommes-nous ? L&rsquo;A\u00e9roclub du Poitou (SIRET 78156486900027) est une association type Loi 1901 \u00e0 but non lucratif et d\u00e9clar\u00e9e aupr\u00e8s de la pr\u00e9fecture de\u00a0Poitiers. Vous pouvez nous trouver : rue du sous lieutenant Raymond Collard,\u00a086580 Biard n\u00b0\u00a0de t\u00e9l\u00e9phone:\u00a0+33(0)5 49 58 22 14, adresse mail:\u00a0boutique@aero-club-poitou.fr, repr\u00e9sentant l\u00e9gal : Jean Marie\u00a0Arnault. Utilisation des donn\u00e9es personnelles collect\u00e9es <a href=\"https:\/\/www.aero-club-poitou.fr\/boutique\/politique-de-confidentialite\/\" rel=\"nofollow\"><span class=\"sr-only\">En savoir plus surPolitique de confidentialit\u00e9<\/span>[&hellip;]<\/a><\/p>\n","protected":false},"author":1,"featured_media":0,"parent":0,"menu_order":0,"comment_status":"closed","ping_status":"closed","template":"template-fullwidth-no-title.php","meta":{"footnotes":""},"class_list":["post-62","page","type-page","status-publish","hentry"],"yoast_head":"<!-- This site is optimized with the Yoast SEO plugin v27.5 - https:\/\/yoast.com\/product\/yoast-seo-wordpress\/ -->\n<title>Politique de confidentialit\u00e9 - A\u00e9roclub du Poitou<\/title>\n<meta name=\"robots\" content=\"index, follow, max-snippet:-1, max-image-preview:large, max-video-preview:-1\" \/>\n<link rel=\"canonical\" href=\"https:\/\/www.aero-club-poitou.fr\/boutique\/politique-de-confidentialite\/\" \/>\n<meta property=\"og:locale\" content=\"fr_FR\" \/>\n<meta property=\"og:type\" content=\"article\" \/>\n<meta property=\"og:title\" content=\"Politique de confidentialit\u00e9 - A\u00e9roclub du Poitou\" \/>\n<meta property=\"og:description\" content=\"Qui sommes-nous ? L&rsquo;A\u00e9roclub du Poitou (SIRET 78156486900027) est une association type Loi 1901 \u00e0 but non lucratif et d\u00e9clar\u00e9e aupr\u00e8s de la pr\u00e9fecture de\u00a0Poitiers. Vous pouvez nous trouver : rue du sous lieutenant Raymond Collard,\u00a086580 Biard n\u00b0\u00a0de t\u00e9l\u00e9phone:\u00a0+33(0)5 49 58 22 14, adresse mail:\u00a0boutique@aero-club-poitou.fr, repr\u00e9sentant l\u00e9gal : Jean Marie\u00a0Arnault. Utilisation des donn\u00e9es personnelles collect\u00e9es En savoir plus surPolitique de confidentialit\u00e9[&hellip;]\" \/>\n<meta property=\"og:url\" content=\"https:\/\/www.aero-club-poitou.fr\/boutique\/politique-de-confidentialite\/\" \/>\n<meta property=\"og:site_name\" content=\"A\u00e9roclub du Poitou\" \/>\n<meta property=\"article:modified_time\" content=\"2018-05-29T11:15:11+00:00\" \/>\n<meta name=\"twitter:card\" content=\"summary_large_image\" \/>\n<meta name=\"twitter:site\" content=\"@aeroclubpoitou\" \/>\n<meta name=\"twitter:label1\" content=\"Dur\u00e9e de lecture estim\u00e9e\" \/>\n\t<meta name=\"twitter:data1\" content=\"4 minutes\" \/>\n<script type=\"application\/ld+json\" class=\"yoast-schema-graph\">{\"@context\":\"https:\\\/\\\/schema.org\",\"@graph\":[{\"@type\":\"WebPage\",\"@id\":\"https:\\\/\\\/www.aero-club-poitou.fr\\\/boutique\\\/politique-de-confidentialite\\\/\",\"url\":\"https:\\\/\\\/www.aero-club-poitou.fr\\\/boutique\\\/politique-de-confidentialite\\\/\",\"name\":\"Politique de confidentialit\u00e9 - A\u00e9roclub du Poitou\",\"isPartOf\":{\"@id\":\"https:\\\/\\\/www.aero-club-poitou.fr\\\/boutique\\\/#website\"},\"datePublished\":\"2018-05-29T09:17:10+00:00\",\"dateModified\":\"2018-05-29T11:15:11+00:00\",\"breadcrumb\":{\"@id\":\"https:\\\/\\\/www.aero-club-poitou.fr\\\/boutique\\\/politique-de-confidentialite\\\/#breadcrumb\"},\"inLanguage\":\"fr-FR\",\"potentialAction\":[{\"@type\":\"ReadAction\",\"target\":[\"https:\\\/\\\/www.aero-club-poitou.fr\\\/boutique\\\/politique-de-confidentialite\\\/\"]}]},{\"@type\":\"BreadcrumbList\",\"@id\":\"https:\\\/\\\/www.aero-club-poitou.fr\\\/boutique\\\/politique-de-confidentialite\\\/#breadcrumb\",\"itemListElement\":[{\"@type\":\"ListItem\",\"position\":1,\"name\":\"Accueil\",\"item\":\"https:\\\/\\\/www.aero-club-poitou.fr\\\/boutique\\\/\"},{\"@type\":\"ListItem\",\"position\":2,\"name\":\"Politique de confidentialit\u00e9\"}]},{\"@type\":\"WebSite\",\"@id\":\"https:\\\/\\\/www.aero-club-poitou.fr\\\/boutique\\\/#website\",\"url\":\"https:\\\/\\\/www.aero-club-poitou.fr\\\/boutique\\\/\",\"name\":\"Boutique de l'aeroclub du Poitou\",\"description\":\"\",\"publisher\":{\"@id\":\"https:\\\/\\\/www.aero-club-poitou.fr\\\/boutique\\\/#organization\"},\"potentialAction\":[{\"@type\":\"SearchAction\",\"target\":{\"@type\":\"EntryPoint\",\"urlTemplate\":\"https:\\\/\\\/www.aero-club-poitou.fr\\\/boutique\\\/?s={search_term_string}\"},\"query-input\":{\"@type\":\"PropertyValueSpecification\",\"valueRequired\":true,\"valueName\":\"search_term_string\"}}],\"inLanguage\":\"fr-FR\"},{\"@type\":\"Organization\",\"@id\":\"https:\\\/\\\/www.aero-club-poitou.fr\\\/boutique\\\/#organization\",\"name\":\"A\u00e9roclub du Poitou\",\"url\":\"https:\\\/\\\/www.aero-club-poitou.fr\\\/boutique\\\/\",\"logo\":{\"@type\":\"ImageObject\",\"inLanguage\":\"fr-FR\",\"@id\":\"https:\\\/\\\/www.aero-club-poitou.fr\\\/boutique\\\/#\\\/schema\\\/logo\\\/image\\\/\",\"url\":\"https:\\\/\\\/i0.wp.com\\\/www.aero-club-poitou.fr\\\/boutique\\\/wp-content\\\/uploads\\\/2018\\\/05\\\/tp-aero-club-du-poitou.jpg?fit=221%2C222&ssl=1\",\"contentUrl\":\"https:\\\/\\\/i0.wp.com\\\/www.aero-club-poitou.fr\\\/boutique\\\/wp-content\\\/uploads\\\/2018\\\/05\\\/tp-aero-club-du-poitou.jpg?fit=221%2C222&ssl=1\",\"width\":221,\"height\":222,\"caption\":\"A\u00e9roclub du Poitou\"},\"image\":{\"@id\":\"https:\\\/\\\/www.aero-club-poitou.fr\\\/boutique\\\/#\\\/schema\\\/logo\\\/image\\\/\"},\"sameAs\":[\"https:\\\/\\\/x.com\\\/aeroclubpoitou\"]}]}<\/script>\n<!-- \/ Yoast SEO plugin. -->","yoast_head_json":{"title":"Politique de confidentialit\u00e9 - A\u00e9roclub du Poitou","robots":{"index":"index","follow":"follow","max-snippet":"max-snippet:-1","max-image-preview":"max-image-preview:large","max-video-preview":"max-video-preview:-1"},"canonical":"https:\/\/www.aero-club-poitou.fr\/boutique\/politique-de-confidentialite\/","og_locale":"fr_FR","og_type":"article","og_title":"Politique de confidentialit\u00e9 - A\u00e9roclub du Poitou","og_description":"Qui sommes-nous ? L&rsquo;A\u00e9roclub du Poitou (SIRET 78156486900027) est une association type Loi 1901 \u00e0 but non lucratif et d\u00e9clar\u00e9e aupr\u00e8s de la pr\u00e9fecture de\u00a0Poitiers. Vous pouvez nous trouver : rue du sous lieutenant Raymond Collard,\u00a086580 Biard n\u00b0\u00a0de t\u00e9l\u00e9phone:\u00a0+33(0)5 49 58 22 14, adresse mail:\u00a0boutique@aero-club-poitou.fr, repr\u00e9sentant l\u00e9gal : Jean Marie\u00a0Arnault. Utilisation des donn\u00e9es personnelles collect\u00e9es En savoir plus surPolitique de confidentialit\u00e9[&hellip;]","og_url":"https:\/\/www.aero-club-poitou.fr\/boutique\/politique-de-confidentialite\/","og_site_name":"A\u00e9roclub du Poitou","article_modified_time":"2018-05-29T11:15:11+00:00","twitter_card":"summary_large_image","twitter_site":"@aeroclubpoitou","twitter_misc":{"Dur\u00e9e de lecture estim\u00e9e":"4 minutes"},"schema":{"@context":"https:\/\/schema.org","@graph":[{"@type":"WebPage","@id":"https:\/\/www.aero-club-poitou.fr\/boutique\/politique-de-confidentialite\/","url":"https:\/\/www.aero-club-poitou.fr\/boutique\/politique-de-confidentialite\/","name":"Politique de confidentialit\u00e9 - A\u00e9roclub du Poitou","isPartOf":{"@id":"https:\/\/www.aero-club-poitou.fr\/boutique\/#website"},"datePublished":"2018-05-29T09:17:10+00:00","dateModified":"2018-05-29T11:15:11+00:00","breadcrumb":{"@id":"https:\/\/www.aero-club-poitou.fr\/boutique\/politique-de-confidentialite\/#breadcrumb"},"inLanguage":"fr-FR","potentialAction":[{"@type":"ReadAction","target":["https:\/\/www.aero-club-poitou.fr\/boutique\/politique-de-confidentialite\/"]}]},{"@type":"BreadcrumbList","@id":"https:\/\/www.aero-club-poitou.fr\/boutique\/politique-de-confidentialite\/#breadcrumb","itemListElement":[{"@type":"ListItem","position":1,"name":"Accueil","item":"https:\/\/www.aero-club-poitou.fr\/boutique\/"},{"@type":"ListItem","position":2,"name":"Politique de confidentialit\u00e9"}]},{"@type":"WebSite","@id":"https:\/\/www.aero-club-poitou.fr\/boutique\/#website","url":"https:\/\/www.aero-club-poitou.fr\/boutique\/","name":"Boutique de l'aeroclub du Poitou","description":"","publisher":{"@id":"https:\/\/www.aero-club-poitou.fr\/boutique\/#organization"},"potentialAction":[{"@type":"SearchAction","target":{"@type":"EntryPoint","urlTemplate":"https:\/\/www.aero-club-poitou.fr\/boutique\/?s={search_term_string}"},"query-input":{"@type":"PropertyValueSpecification","valueRequired":true,"valueName":"search_term_string"}}],"inLanguage":"fr-FR"},{"@type":"Organization","@id":"https:\/\/www.aero-club-poitou.fr\/boutique\/#organization","name":"A\u00e9roclub du Poitou","url":"https:\/\/www.aero-club-poitou.fr\/boutique\/","logo":{"@type":"ImageObject","inLanguage":"fr-FR","@id":"https:\/\/www.aero-club-poitou.fr\/boutique\/#\/schema\/logo\/image\/","url":"https:\/\/i0.wp.com\/www.aero-club-poitou.fr\/boutique\/wp-content\/uploads\/2018\/05\/tp-aero-club-du-poitou.jpg?fit=221%2C222&ssl=1","contentUrl":"https:\/\/i0.wp.com\/www.aero-club-poitou.fr\/boutique\/wp-content\/uploads\/2018\/05\/tp-aero-club-du-poitou.jpg?fit=221%2C222&ssl=1","width":221,"height":222,"caption":"A\u00e9roclub du Poitou"},"image":{"@id":"https:\/\/www.aero-club-poitou.fr\/boutique\/#\/schema\/logo\/image\/"},"sameAs":["https:\/\/x.com\/aeroclubpoitou"]}]}},"jetpack_sharing_enabled":true,"_links":{"self":[{"href":"https:\/\/www.aero-club-poitou.fr\/boutique\/wp-json\/wp\/v2\/pages\/62","targetHints":{"allow":["GET"]}}],"collection":[{"href":"https:\/\/www.aero-club-poitou.fr\/boutique\/wp-json\/wp\/v2\/pages"}],"about":[{"href":"https:\/\/www.aero-club-poitou.fr\/boutique\/wp-json\/wp\/v2\/types\/page"}],"author":[{"embeddable":true,"href":"https:\/\/www.aero-club-poitou.fr\/boutique\/wp-json\/wp\/v2\/users\/1"}],"replies":[{"embeddable":true,"href":"https:\/\/www.aero-club-poitou.fr\/boutique\/wp-json\/wp\/v2\/comments?post=62"}],"version-history":[{"count":0,"href":"https:\/\/www.aero-club-poitou.fr\/boutique\/wp-json\/wp\/v2\/pages\/62\/revisions"}],"wp:attachment":[{"href":"https:\/\/www.aero-club-poitou.fr\/boutique\/wp-json\/wp\/v2\/media?parent=62"}],"curies":[{"name":"wp","href":"https:\/\/api.w.org\/{rel}","templated":true}]}}