{"id":275,"date":"2018-07-16T14:42:38","date_gmt":"2018-07-16T12:42:38","guid":{"rendered":"https:\/\/www.aero-club-poitou.fr\/boutique\/?post_type=product&#038;p=275"},"modified":"2025-04-09T12:06:16","modified_gmt":"2025-04-09T10:06:16","slug":"alimentation-compte-pilote","status":"publish","type":"product","link":"https:\/\/www.aero-club-poitou.fr\/boutique\/produit\/alimentation-compte-pilote\/","title":{"rendered":"Alimentation compte Pilote"},"content":{"rendered":"<p>Cet article offre \u00e0 un adh\u00e9rent de l&rsquo;a\u00e9roclub du Poitou la possibilit\u00e9 de cr\u00e9diter son compte pilote. Il pourra alors utiliser cette somme pour financer ses heures de vol.<\/p>\n<p>Il est n\u00e9cessaire d&rsquo;indiquer le pr\u00e9nom et le nom de l&rsquo;adh\u00e9rent au moment de la commande.<\/p>\n<p>Le bon d&rsquo;\u00e9change contient les modalit\u00e9s de chargement du compte.<\/p>\n<p><strong>Des frais de transaction d&rsquo;environ 1,75 % s&rsquo;appliquent. Pilotes de l&rsquo;ACP, privil\u00e9giez le rechargement gratuit par virement depuis votre compte openFlyers.<\/strong><\/p>\n<p>&nbsp;<\/p>\n","protected":false},"excerpt":{"rendered":"<p>Offrez du temps de vol \u00e0 un adh\u00e9rent de l&rsquo;a\u00e9roclub du Poitou, \u00e9l\u00e8ve ou pilote brevet\u00e9.<\/p>\n<p>D\u00e8s paiement de votre achat, un bon d&rsquo;\u00e9change valable 1 an vous sera envoy\u00e9 par email.<\/p>\n","protected":false},"featured_media":325,"comment_status":"open","ping_status":"closed","template":"","meta":[],"product_brand":[],"product_cat":[15],"product_tag":[],"class_list":{"0":"post-275","1":"product","2":"type-product","3":"status-publish","4":"has-post-thumbnail","6":"product_cat-vols","8":"first","9":"instock","10":"purchasable","11":"product-type-variable","12":"has-default-attributes"},"yoast_head":"<!-- This site is optimized with the Yoast SEO plugin v27.5 - https:\/\/yoast.com\/product\/yoast-seo-wordpress\/ -->\n<title>Alimentation compte Pilote - A\u00e9roclub du Poitou<\/title>\n<meta name=\"description\" content=\"Offrer \u00e0 un adh\u00e9rent de l&#039;a\u00e9roclub du Poitou la possibilit\u00e9 de cr\u00e9diter son compte pilote et d&#039;utiliser cette somme pour financer ses heures de vol.\" \/>\n<meta name=\"robots\" content=\"index, follow, max-snippet:-1, max-image-preview:large, max-video-preview:-1\" \/>\n<link rel=\"canonical\" href=\"https:\/\/www.aero-club-poitou.fr\/boutique\/produit\/alimentation-compte-pilote\/\" \/>\n<meta property=\"og:locale\" content=\"fr_FR\" \/>\n<meta property=\"og:type\" content=\"article\" \/>\n<meta property=\"og:title\" content=\"Alimentation compte Pilote - A\u00e9roclub du Poitou\" \/>\n<meta property=\"og:description\" content=\"Offrer \u00e0 un adh\u00e9rent de l&#039;a\u00e9roclub du Poitou la possibilit\u00e9 de cr\u00e9diter son compte pilote et d&#039;utiliser cette somme pour financer ses heures de vol.\" \/>\n<meta property=\"og:url\" content=\"https:\/\/www.aero-club-poitou.fr\/boutique\/produit\/alimentation-compte-pilote\/\" \/>\n<meta property=\"og:site_name\" content=\"A\u00e9roclub du Poitou\" \/>\n<meta property=\"article:modified_time\" content=\"2025-04-09T10:06:16+00:00\" \/>\n<meta property=\"og:image\" content=\"https:\/\/www.aero-club-poitou.fr\/boutique\/wp-content\/uploads\/2018\/07\/GMOU-4-1024x613.jpg\" \/>\n\t<meta property=\"og:image:width\" content=\"1024\" \/>\n\t<meta property=\"og:image:height\" content=\"613\" \/>\n\t<meta property=\"og:image:type\" content=\"image\/jpeg\" \/>\n<meta name=\"twitter:card\" content=\"summary_large_image\" \/>\n<meta name=\"twitter:site\" content=\"@aeroclubpoitou\" \/>\n<meta name=\"twitter:label1\" content=\"Dur\u00e9e de lecture estim\u00e9e\" \/>\n\t<meta name=\"twitter:data1\" content=\"1 minute\" \/>\n<script type=\"application\/ld+json\" class=\"yoast-schema-graph\">{\"@context\":\"https:\\\/\\\/schema.org\",\"@graph\":[{\"@type\":\"WebPage\",\"@id\":\"https:\\\/\\\/www.aero-club-poitou.fr\\\/boutique\\\/produit\\\/alimentation-compte-pilote\\\/\",\"url\":\"https:\\\/\\\/www.aero-club-poitou.fr\\\/boutique\\\/produit\\\/alimentation-compte-pilote\\\/\",\"name\":\"Alimentation compte Pilote - A\u00e9roclub du Poitou\",\"isPartOf\":{\"@id\":\"https:\\\/\\\/www.aero-club-poitou.fr\\\/boutique\\\/#website\"},\"primaryImageOfPage\":{\"@id\":\"https:\\\/\\\/www.aero-club-poitou.fr\\\/boutique\\\/produit\\\/alimentation-compte-pilote\\\/#primaryimage\"},\"image\":{\"@id\":\"https:\\\/\\\/www.aero-club-poitou.fr\\\/boutique\\\/produit\\\/alimentation-compte-pilote\\\/#primaryimage\"},\"thumbnailUrl\":\"https:\\\/\\\/i0.wp.com\\\/www.aero-club-poitou.fr\\\/boutique\\\/wp-content\\\/uploads\\\/2018\\\/07\\\/GMOU-4.jpg?fit=4638%2C2778&ssl=1\",\"datePublished\":\"2018-07-16T12:42:38+00:00\",\"dateModified\":\"2025-04-09T10:06:16+00:00\",\"description\":\"Offrer \u00e0 un adh\u00e9rent de l'a\u00e9roclub du Poitou la possibilit\u00e9 de cr\u00e9diter son compte pilote et d'utiliser cette somme pour financer ses heures de vol.\",\"breadcrumb\":{\"@id\":\"https:\\\/\\\/www.aero-club-poitou.fr\\\/boutique\\\/produit\\\/alimentation-compte-pilote\\\/#breadcrumb\"},\"inLanguage\":\"fr-FR\",\"potentialAction\":[{\"@type\":\"ReadAction\",\"target\":[\"https:\\\/\\\/www.aero-club-poitou.fr\\\/boutique\\\/produit\\\/alimentation-compte-pilote\\\/\"]}]},{\"@type\":\"ImageObject\",\"inLanguage\":\"fr-FR\",\"@id\":\"https:\\\/\\\/www.aero-club-poitou.fr\\\/boutique\\\/produit\\\/alimentation-compte-pilote\\\/#primaryimage\",\"url\":\"https:\\\/\\\/i0.wp.com\\\/www.aero-club-poitou.fr\\\/boutique\\\/wp-content\\\/uploads\\\/2018\\\/07\\\/GMOU-4.jpg?fit=4638%2C2778&ssl=1\",\"contentUrl\":\"https:\\\/\\\/i0.wp.com\\\/www.aero-club-poitou.fr\\\/boutique\\\/wp-content\\\/uploads\\\/2018\\\/07\\\/GMOU-4.jpg?fit=4638%2C2778&ssl=1\",\"width\":4638,\"height\":2778},{\"@type\":\"BreadcrumbList\",\"@id\":\"https:\\\/\\\/www.aero-club-poitou.fr\\\/boutique\\\/produit\\\/alimentation-compte-pilote\\\/#breadcrumb\",\"itemListElement\":[{\"@type\":\"ListItem\",\"position\":1,\"name\":\"Accueil\",\"item\":\"https:\\\/\\\/www.aero-club-poitou.fr\\\/boutique\\\/\"},{\"@type\":\"ListItem\",\"position\":2,\"name\":\"Boutique\",\"item\":\"https:\\\/\\\/www.aero-club-poitou.fr\\\/boutique\\\/\"},{\"@type\":\"ListItem\",\"position\":3,\"name\":\"Alimentation compte Pilote\"}]},{\"@type\":\"WebSite\",\"@id\":\"https:\\\/\\\/www.aero-club-poitou.fr\\\/boutique\\\/#website\",\"url\":\"https:\\\/\\\/www.aero-club-poitou.fr\\\/boutique\\\/\",\"name\":\"Boutique de l'aeroclub du Poitou\",\"description\":\"\",\"publisher\":{\"@id\":\"https:\\\/\\\/www.aero-club-poitou.fr\\\/boutique\\\/#organization\"},\"potentialAction\":[{\"@type\":\"SearchAction\",\"target\":{\"@type\":\"EntryPoint\",\"urlTemplate\":\"https:\\\/\\\/www.aero-club-poitou.fr\\\/boutique\\\/?s={search_term_string}\"},\"query-input\":{\"@type\":\"PropertyValueSpecification\",\"valueRequired\":true,\"valueName\":\"search_term_string\"}}],\"inLanguage\":\"fr-FR\"},{\"@type\":\"Organization\",\"@id\":\"https:\\\/\\\/www.aero-club-poitou.fr\\\/boutique\\\/#organization\",\"name\":\"A\u00e9roclub du Poitou\",\"url\":\"https:\\\/\\\/www.aero-club-poitou.fr\\\/boutique\\\/\",\"logo\":{\"@type\":\"ImageObject\",\"inLanguage\":\"fr-FR\",\"@id\":\"https:\\\/\\\/www.aero-club-poitou.fr\\\/boutique\\\/#\\\/schema\\\/logo\\\/image\\\/\",\"url\":\"https:\\\/\\\/i0.wp.com\\\/www.aero-club-poitou.fr\\\/boutique\\\/wp-content\\\/uploads\\\/2018\\\/05\\\/tp-aero-club-du-poitou.jpg?fit=221%2C222&ssl=1\",\"contentUrl\":\"https:\\\/\\\/i0.wp.com\\\/www.aero-club-poitou.fr\\\/boutique\\\/wp-content\\\/uploads\\\/2018\\\/05\\\/tp-aero-club-du-poitou.jpg?fit=221%2C222&ssl=1\",\"width\":221,\"height\":222,\"caption\":\"A\u00e9roclub du Poitou\"},\"image\":{\"@id\":\"https:\\\/\\\/www.aero-club-poitou.fr\\\/boutique\\\/#\\\/schema\\\/logo\\\/image\\\/\"},\"sameAs\":[\"https:\\\/\\\/x.com\\\/aeroclubpoitou\"]}]}<\/script>\n<!-- \/ Yoast SEO plugin. -->","yoast_head_json":{"title":"Alimentation compte Pilote - A\u00e9roclub du Poitou","description":"Offrer \u00e0 un adh\u00e9rent de l'a\u00e9roclub du Poitou la possibilit\u00e9 de cr\u00e9diter son compte pilote et d'utiliser cette somme pour financer ses heures de vol.","robots":{"index":"index","follow":"follow","max-snippet":"max-snippet:-1","max-image-preview":"max-image-preview:large","max-video-preview":"max-video-preview:-1"},"canonical":"https:\/\/www.aero-club-poitou.fr\/boutique\/produit\/alimentation-compte-pilote\/","og_locale":"fr_FR","og_type":"article","og_title":"Alimentation compte Pilote - A\u00e9roclub du Poitou","og_description":"Offrer \u00e0 un adh\u00e9rent de l'a\u00e9roclub du Poitou la possibilit\u00e9 de cr\u00e9diter son compte pilote et d'utiliser cette somme pour financer ses heures de vol.","og_url":"https:\/\/www.aero-club-poitou.fr\/boutique\/produit\/alimentation-compte-pilote\/","og_site_name":"A\u00e9roclub du Poitou","article_modified_time":"2025-04-09T10:06:16+00:00","og_image":[{"width":1024,"height":613,"url":"https:\/\/www.aero-club-poitou.fr\/boutique\/wp-content\/uploads\/2018\/07\/GMOU-4-1024x613.jpg","type":"image\/jpeg"}],"twitter_card":"summary_large_image","twitter_site":"@aeroclubpoitou","twitter_misc":{"Dur\u00e9e de lecture estim\u00e9e":"1 minute"},"schema":{"@context":"https:\/\/schema.org","@graph":[{"@type":"WebPage","@id":"https:\/\/www.aero-club-poitou.fr\/boutique\/produit\/alimentation-compte-pilote\/","url":"https:\/\/www.aero-club-poitou.fr\/boutique\/produit\/alimentation-compte-pilote\/","name":"Alimentation compte Pilote - A\u00e9roclub du Poitou","isPartOf":{"@id":"https:\/\/www.aero-club-poitou.fr\/boutique\/#website"},"primaryImageOfPage":{"@id":"https:\/\/www.aero-club-poitou.fr\/boutique\/produit\/alimentation-compte-pilote\/#primaryimage"},"image":{"@id":"https:\/\/www.aero-club-poitou.fr\/boutique\/produit\/alimentation-compte-pilote\/#primaryimage"},"thumbnailUrl":"https:\/\/i0.wp.com\/www.aero-club-poitou.fr\/boutique\/wp-content\/uploads\/2018\/07\/GMOU-4.jpg?fit=4638%2C2778&ssl=1","datePublished":"2018-07-16T12:42:38+00:00","dateModified":"2025-04-09T10:06:16+00:00","description":"Offrer \u00e0 un adh\u00e9rent de l'a\u00e9roclub du Poitou la possibilit\u00e9 de cr\u00e9diter son compte pilote et d'utiliser cette somme pour financer ses heures de vol.","breadcrumb":{"@id":"https:\/\/www.aero-club-poitou.fr\/boutique\/produit\/alimentation-compte-pilote\/#breadcrumb"},"inLanguage":"fr-FR","potentialAction":[{"@type":"ReadAction","target":["https:\/\/www.aero-club-poitou.fr\/boutique\/produit\/alimentation-compte-pilote\/"]}]},{"@type":"ImageObject","inLanguage":"fr-FR","@id":"https:\/\/www.aero-club-poitou.fr\/boutique\/produit\/alimentation-compte-pilote\/#primaryimage","url":"https:\/\/i0.wp.com\/www.aero-club-poitou.fr\/boutique\/wp-content\/uploads\/2018\/07\/GMOU-4.jpg?fit=4638%2C2778&ssl=1","contentUrl":"https:\/\/i0.wp.com\/www.aero-club-poitou.fr\/boutique\/wp-content\/uploads\/2018\/07\/GMOU-4.jpg?fit=4638%2C2778&ssl=1","width":4638,"height":2778},{"@type":"BreadcrumbList","@id":"https:\/\/www.aero-club-poitou.fr\/boutique\/produit\/alimentation-compte-pilote\/#breadcrumb","itemListElement":[{"@type":"ListItem","position":1,"name":"Accueil","item":"https:\/\/www.aero-club-poitou.fr\/boutique\/"},{"@type":"ListItem","position":2,"name":"Boutique","item":"https:\/\/www.aero-club-poitou.fr\/boutique\/"},{"@type":"ListItem","position":3,"name":"Alimentation compte Pilote"}]},{"@type":"WebSite","@id":"https:\/\/www.aero-club-poitou.fr\/boutique\/#website","url":"https:\/\/www.aero-club-poitou.fr\/boutique\/","name":"Boutique de l'aeroclub du Poitou","description":"","publisher":{"@id":"https:\/\/www.aero-club-poitou.fr\/boutique\/#organization"},"potentialAction":[{"@type":"SearchAction","target":{"@type":"EntryPoint","urlTemplate":"https:\/\/www.aero-club-poitou.fr\/boutique\/?s={search_term_string}"},"query-input":{"@type":"PropertyValueSpecification","valueRequired":true,"valueName":"search_term_string"}}],"inLanguage":"fr-FR"},{"@type":"Organization","@id":"https:\/\/www.aero-club-poitou.fr\/boutique\/#organization","name":"A\u00e9roclub du Poitou","url":"https:\/\/www.aero-club-poitou.fr\/boutique\/","logo":{"@type":"ImageObject","inLanguage":"fr-FR","@id":"https:\/\/www.aero-club-poitou.fr\/boutique\/#\/schema\/logo\/image\/","url":"https:\/\/i0.wp.com\/www.aero-club-poitou.fr\/boutique\/wp-content\/uploads\/2018\/05\/tp-aero-club-du-poitou.jpg?fit=221%2C222&ssl=1","contentUrl":"https:\/\/i0.wp.com\/www.aero-club-poitou.fr\/boutique\/wp-content\/uploads\/2018\/05\/tp-aero-club-du-poitou.jpg?fit=221%2C222&ssl=1","width":221,"height":222,"caption":"A\u00e9roclub du Poitou"},"image":{"@id":"https:\/\/www.aero-club-poitou.fr\/boutique\/#\/schema\/logo\/image\/"},"sameAs":["https:\/\/x.com\/aeroclubpoitou"]}]}},"jetpack_sharing_enabled":true,"_links":{"self":[{"href":"https:\/\/www.aero-club-poitou.fr\/boutique\/wp-json\/wp\/v2\/product\/275","targetHints":{"allow":["GET"]}}],"collection":[{"href":"https:\/\/www.aero-club-poitou.fr\/boutique\/wp-json\/wp\/v2\/product"}],"about":[{"href":"https:\/\/www.aero-club-poitou.fr\/boutique\/wp-json\/wp\/v2\/types\/product"}],"replies":[{"embeddable":true,"href":"https:\/\/www.aero-club-poitou.fr\/boutique\/wp-json\/wp\/v2\/comments?post=275"}],"wp:featuredmedia":[{"embeddable":true,"href":"https:\/\/www.aero-club-poitou.fr\/boutique\/wp-json\/wp\/v2\/media\/325"}],"wp:attachment":[{"href":"https:\/\/www.aero-club-poitou.fr\/boutique\/wp-json\/wp\/v2\/media?parent=275"}],"wp:term":[{"taxonomy":"product_brand","embeddable":true,"href":"https:\/\/www.aero-club-poitou.fr\/boutique\/wp-json\/wp\/v2\/product_brand?post=275"},{"taxonomy":"product_cat","embeddable":true,"href":"https:\/\/www.aero-club-poitou.fr\/boutique\/wp-json\/wp\/v2\/product_cat?post=275"},{"taxonomy":"product_tag","embeddable":true,"href":"https:\/\/www.aero-club-poitou.fr\/boutique\/wp-json\/wp\/v2\/product_tag?post=275"}],"curies":[{"name":"wp","href":"https:\/\/api.w.org\/{rel}","templated":true}]}}