{"id":43,"date":"2018-05-23T12:18:37","date_gmt":"2018-05-23T10:18:37","guid":{"rendered":"https:\/\/www.aero-club-poitou.fr\/boutique\/?post_type=product&#038;p=43"},"modified":"2025-01-29T19:44:58","modified_gmt":"2025-01-29T18:44:58","slug":"bapteme-de-lair-poitiers-2-ou-3-personnes","status":"publish","type":"product","link":"https:\/\/www.aero-club-poitou.fr\/boutique\/produit\/bapteme-de-lair-poitiers-2-ou-3-personnes\/","title":{"rendered":"Bapt\u00eame de l\u2019air &#8211; Poitiers &#8211; 2 ou 3 personnes"},"content":{"rendered":"<p>Apr\u00e8s un briefing avec un de nos pilotes qualifi\u00e9s (d\u00e9cret 98-884 du 28 septembre 1998), vous survolerez la r\u00e9gion autour de Poitiers pendant 20 ou 30 minutes selon l\u2019option de bapt\u00eame choisie.<\/p>\n<p><strong>Avant la date souhait\u00e9e du vol :<\/strong><\/p>\n<ul>\n<li>Munissez vous du bon d&rsquo;\u00e9change afin de pouvoir nous indiquer le code imprim\u00e9 sur celui-ci<\/li>\n<li>Contacter nous au num\u00e9ro indiqu\u00e9 sur le bon d&rsquo;\u00e9change afin de prendre rendez-vous<\/li>\n<\/ul>\n<p><strong>Le jour du vol :<\/strong><\/p>\n<ul>\n<li>Pensez \u00e0 vous munir de lunettes de soleil, d&rsquo;un appareil photo<\/li>\n<li>Rendez vous \u00e0 l&rsquo;a\u00e9roclub du Poitou \u00e0 l&rsquo;heure convenue par t\u00e9l\u00e9phone : <em>rue du sous-lieutenant Collart,\u00a086580 Biard<\/em><\/li>\n<\/ul>\n<p><strong>Le Vol :<\/strong><\/p>\n<ul>\n<li>Briefing avant vol<\/li>\n<li>Vol de 20 ou 30 minutes selon la dur\u00e9e choisie<\/li>\n<li>Personnes \u00e0 bord : 1 pilote, 3 passagers maximum<\/li>\n<li>Avion : Robin DR400<\/li>\n<\/ul>\n<p>== Le montant indiqu\u00e9 est pour le vol, quel que soit le nombre de passagers (2 ou 3 personnes) ==<\/p>\n","protected":false},"excerpt":{"rendered":"<p>Ce bapt\u00eame de l\u2019air autour de Poitiers consiste en un vol local de 20 ou 30 minutes \u00e0 bord d\u2019un de nos Robin DR400 quadriplace.<\/p>\n<p>D\u00e8s paiement de votre achat, un bon d\u2019\u00e9change valable 1 an vous sera envoy\u00e9 par email.\u00a0Le tarif comprend l&rsquo;int\u00e9gralit\u00e9 de la prestation.<\/p>\n<p>Le montant indiqu\u00e9 est pour le vol, quel que soit le nombre de passagers (2 ou 3 personnes)<\/p>\n","protected":false},"featured_media":326,"comment_status":"open","ping_status":"closed","template":"","meta":[],"product_brand":[],"product_cat":[15],"product_tag":[],"class_list":{"0":"post-43","1":"product","2":"type-product","3":"status-publish","4":"has-post-thumbnail","6":"product_cat-vols","8":"first","9":"instock","10":"purchasable","11":"product-type-variable","12":"has-default-attributes"},"yoast_head":"<!-- This site is optimized with the Yoast SEO plugin v27.5 - https:\/\/yoast.com\/product\/yoast-seo-wordpress\/ -->\n<title>Bapt\u00eame de l\u2019air - Poitiers - 2 ou 3 personnes - A\u00e9roclub du Poitou<\/title>\n<meta name=\"description\" content=\"Ce bapt\u00eame de l\u2019air pour 2 ou 3 personnes consiste en un vol local de 20 ou 30 minutes autour de Poitiers \u00e0 bord d\u2019un de nos avions DR400 quadriplace.\" \/>\n<meta name=\"robots\" content=\"index, follow, max-snippet:-1, max-image-preview:large, max-video-preview:-1\" \/>\n<link rel=\"canonical\" href=\"https:\/\/www.aero-club-poitou.fr\/boutique\/produit\/bapteme-de-lair-poitiers-2-ou-3-personnes\/\" \/>\n<meta property=\"og:locale\" content=\"fr_FR\" \/>\n<meta property=\"og:type\" content=\"article\" \/>\n<meta property=\"og:title\" content=\"Bapt\u00eame de l\u2019air - Poitiers - 2 ou 3 personnes - A\u00e9roclub du Poitou\" \/>\n<meta property=\"og:description\" content=\"Ce bapt\u00eame de l\u2019air pour 2 ou 3 personnes consiste en un vol local de 20 ou 30 minutes autour de Poitiers \u00e0 bord d\u2019un de nos avions DR400 quadriplace.\" \/>\n<meta property=\"og:url\" content=\"https:\/\/www.aero-club-poitou.fr\/boutique\/produit\/bapteme-de-lair-poitiers-2-ou-3-personnes\/\" \/>\n<meta property=\"og:site_name\" content=\"A\u00e9roclub du Poitou\" \/>\n<meta property=\"article:modified_time\" content=\"2025-01-29T18:44:58+00:00\" \/>\n<meta property=\"og:image\" content=\"https:\/\/www.aero-club-poitou.fr\/boutique\/wp-content\/uploads\/2018\/05\/IMG_5134-1024x683.jpg\" \/>\n\t<meta property=\"og:image:width\" content=\"1024\" \/>\n\t<meta property=\"og:image:height\" content=\"683\" \/>\n\t<meta property=\"og:image:type\" content=\"image\/jpeg\" \/>\n<meta name=\"twitter:card\" content=\"summary_large_image\" \/>\n<meta name=\"twitter:site\" content=\"@aeroclubpoitou\" \/>\n<meta name=\"twitter:label1\" content=\"Dur\u00e9e de lecture estim\u00e9e\" \/>\n\t<meta name=\"twitter:data1\" content=\"1 minute\" \/>\n<script type=\"application\/ld+json\" class=\"yoast-schema-graph\">{\"@context\":\"https:\\\/\\\/schema.org\",\"@graph\":[{\"@type\":\"WebPage\",\"@id\":\"https:\\\/\\\/www.aero-club-poitou.fr\\\/boutique\\\/produit\\\/bapteme-de-lair-poitiers-2-ou-3-personnes\\\/\",\"url\":\"https:\\\/\\\/www.aero-club-poitou.fr\\\/boutique\\\/produit\\\/bapteme-de-lair-poitiers-2-ou-3-personnes\\\/\",\"name\":\"Bapt\u00eame de l\u2019air - Poitiers - 2 ou 3 personnes - A\u00e9roclub du Poitou\",\"isPartOf\":{\"@id\":\"https:\\\/\\\/www.aero-club-poitou.fr\\\/boutique\\\/#website\"},\"primaryImageOfPage\":{\"@id\":\"https:\\\/\\\/www.aero-club-poitou.fr\\\/boutique\\\/produit\\\/bapteme-de-lair-poitiers-2-ou-3-personnes\\\/#primaryimage\"},\"image\":{\"@id\":\"https:\\\/\\\/www.aero-club-poitou.fr\\\/boutique\\\/produit\\\/bapteme-de-lair-poitiers-2-ou-3-personnes\\\/#primaryimage\"},\"thumbnailUrl\":\"https:\\\/\\\/i0.wp.com\\\/www.aero-club-poitou.fr\\\/boutique\\\/wp-content\\\/uploads\\\/2018\\\/05\\\/IMG_5134.jpg?fit=5184%2C3456&ssl=1\",\"datePublished\":\"2018-05-23T10:18:37+00:00\",\"dateModified\":\"2025-01-29T18:44:58+00:00\",\"description\":\"Ce bapt\u00eame de l\u2019air pour 2 ou 3 personnes consiste en un vol local de 20 ou 30 minutes autour de Poitiers \u00e0 bord d\u2019un de nos avions DR400 quadriplace.\",\"breadcrumb\":{\"@id\":\"https:\\\/\\\/www.aero-club-poitou.fr\\\/boutique\\\/produit\\\/bapteme-de-lair-poitiers-2-ou-3-personnes\\\/#breadcrumb\"},\"inLanguage\":\"fr-FR\",\"potentialAction\":[{\"@type\":\"ReadAction\",\"target\":[\"https:\\\/\\\/www.aero-club-poitou.fr\\\/boutique\\\/produit\\\/bapteme-de-lair-poitiers-2-ou-3-personnes\\\/\"]}]},{\"@type\":\"ImageObject\",\"inLanguage\":\"fr-FR\",\"@id\":\"https:\\\/\\\/www.aero-club-poitou.fr\\\/boutique\\\/produit\\\/bapteme-de-lair-poitiers-2-ou-3-personnes\\\/#primaryimage\",\"url\":\"https:\\\/\\\/i0.wp.com\\\/www.aero-club-poitou.fr\\\/boutique\\\/wp-content\\\/uploads\\\/2018\\\/05\\\/IMG_5134.jpg?fit=5184%2C3456&ssl=1\",\"contentUrl\":\"https:\\\/\\\/i0.wp.com\\\/www.aero-club-poitou.fr\\\/boutique\\\/wp-content\\\/uploads\\\/2018\\\/05\\\/IMG_5134.jpg?fit=5184%2C3456&ssl=1\",\"width\":5184,\"height\":3456},{\"@type\":\"BreadcrumbList\",\"@id\":\"https:\\\/\\\/www.aero-club-poitou.fr\\\/boutique\\\/produit\\\/bapteme-de-lair-poitiers-2-ou-3-personnes\\\/#breadcrumb\",\"itemListElement\":[{\"@type\":\"ListItem\",\"position\":1,\"name\":\"Accueil\",\"item\":\"https:\\\/\\\/www.aero-club-poitou.fr\\\/boutique\\\/\"},{\"@type\":\"ListItem\",\"position\":2,\"name\":\"Boutique\",\"item\":\"https:\\\/\\\/www.aero-club-poitou.fr\\\/boutique\\\/\"},{\"@type\":\"ListItem\",\"position\":3,\"name\":\"Bapt\u00eame de l\u2019air &#8211; Poitiers &#8211; 2 ou 3 personnes\"}]},{\"@type\":\"WebSite\",\"@id\":\"https:\\\/\\\/www.aero-club-poitou.fr\\\/boutique\\\/#website\",\"url\":\"https:\\\/\\\/www.aero-club-poitou.fr\\\/boutique\\\/\",\"name\":\"Boutique de l'aeroclub du Poitou\",\"description\":\"\",\"publisher\":{\"@id\":\"https:\\\/\\\/www.aero-club-poitou.fr\\\/boutique\\\/#organization\"},\"potentialAction\":[{\"@type\":\"SearchAction\",\"target\":{\"@type\":\"EntryPoint\",\"urlTemplate\":\"https:\\\/\\\/www.aero-club-poitou.fr\\\/boutique\\\/?s={search_term_string}\"},\"query-input\":{\"@type\":\"PropertyValueSpecification\",\"valueRequired\":true,\"valueName\":\"search_term_string\"}}],\"inLanguage\":\"fr-FR\"},{\"@type\":\"Organization\",\"@id\":\"https:\\\/\\\/www.aero-club-poitou.fr\\\/boutique\\\/#organization\",\"name\":\"A\u00e9roclub du Poitou\",\"url\":\"https:\\\/\\\/www.aero-club-poitou.fr\\\/boutique\\\/\",\"logo\":{\"@type\":\"ImageObject\",\"inLanguage\":\"fr-FR\",\"@id\":\"https:\\\/\\\/www.aero-club-poitou.fr\\\/boutique\\\/#\\\/schema\\\/logo\\\/image\\\/\",\"url\":\"https:\\\/\\\/i0.wp.com\\\/www.aero-club-poitou.fr\\\/boutique\\\/wp-content\\\/uploads\\\/2018\\\/05\\\/tp-aero-club-du-poitou.jpg?fit=221%2C222&ssl=1\",\"contentUrl\":\"https:\\\/\\\/i0.wp.com\\\/www.aero-club-poitou.fr\\\/boutique\\\/wp-content\\\/uploads\\\/2018\\\/05\\\/tp-aero-club-du-poitou.jpg?fit=221%2C222&ssl=1\",\"width\":221,\"height\":222,\"caption\":\"A\u00e9roclub du Poitou\"},\"image\":{\"@id\":\"https:\\\/\\\/www.aero-club-poitou.fr\\\/boutique\\\/#\\\/schema\\\/logo\\\/image\\\/\"},\"sameAs\":[\"https:\\\/\\\/x.com\\\/aeroclubpoitou\"]}]}<\/script>\n<!-- \/ Yoast SEO plugin. -->","yoast_head_json":{"title":"Bapt\u00eame de l\u2019air - Poitiers - 2 ou 3 personnes - A\u00e9roclub du Poitou","description":"Ce bapt\u00eame de l\u2019air pour 2 ou 3 personnes consiste en un vol local de 20 ou 30 minutes autour de Poitiers \u00e0 bord d\u2019un de nos avions DR400 quadriplace.","robots":{"index":"index","follow":"follow","max-snippet":"max-snippet:-1","max-image-preview":"max-image-preview:large","max-video-preview":"max-video-preview:-1"},"canonical":"https:\/\/www.aero-club-poitou.fr\/boutique\/produit\/bapteme-de-lair-poitiers-2-ou-3-personnes\/","og_locale":"fr_FR","og_type":"article","og_title":"Bapt\u00eame de l\u2019air - Poitiers - 2 ou 3 personnes - A\u00e9roclub du Poitou","og_description":"Ce bapt\u00eame de l\u2019air pour 2 ou 3 personnes consiste en un vol local de 20 ou 30 minutes autour de Poitiers \u00e0 bord d\u2019un de nos avions DR400 quadriplace.","og_url":"https:\/\/www.aero-club-poitou.fr\/boutique\/produit\/bapteme-de-lair-poitiers-2-ou-3-personnes\/","og_site_name":"A\u00e9roclub du Poitou","article_modified_time":"2025-01-29T18:44:58+00:00","og_image":[{"width":1024,"height":683,"url":"https:\/\/www.aero-club-poitou.fr\/boutique\/wp-content\/uploads\/2018\/05\/IMG_5134-1024x683.jpg","type":"image\/jpeg"}],"twitter_card":"summary_large_image","twitter_site":"@aeroclubpoitou","twitter_misc":{"Dur\u00e9e de lecture estim\u00e9e":"1 minute"},"schema":{"@context":"https:\/\/schema.org","@graph":[{"@type":"WebPage","@id":"https:\/\/www.aero-club-poitou.fr\/boutique\/produit\/bapteme-de-lair-poitiers-2-ou-3-personnes\/","url":"https:\/\/www.aero-club-poitou.fr\/boutique\/produit\/bapteme-de-lair-poitiers-2-ou-3-personnes\/","name":"Bapt\u00eame de l\u2019air - Poitiers - 2 ou 3 personnes - A\u00e9roclub du Poitou","isPartOf":{"@id":"https:\/\/www.aero-club-poitou.fr\/boutique\/#website"},"primaryImageOfPage":{"@id":"https:\/\/www.aero-club-poitou.fr\/boutique\/produit\/bapteme-de-lair-poitiers-2-ou-3-personnes\/#primaryimage"},"image":{"@id":"https:\/\/www.aero-club-poitou.fr\/boutique\/produit\/bapteme-de-lair-poitiers-2-ou-3-personnes\/#primaryimage"},"thumbnailUrl":"https:\/\/i0.wp.com\/www.aero-club-poitou.fr\/boutique\/wp-content\/uploads\/2018\/05\/IMG_5134.jpg?fit=5184%2C3456&ssl=1","datePublished":"2018-05-23T10:18:37+00:00","dateModified":"2025-01-29T18:44:58+00:00","description":"Ce bapt\u00eame de l\u2019air pour 2 ou 3 personnes consiste en un vol local de 20 ou 30 minutes autour de Poitiers \u00e0 bord d\u2019un de nos avions DR400 quadriplace.","breadcrumb":{"@id":"https:\/\/www.aero-club-poitou.fr\/boutique\/produit\/bapteme-de-lair-poitiers-2-ou-3-personnes\/#breadcrumb"},"inLanguage":"fr-FR","potentialAction":[{"@type":"ReadAction","target":["https:\/\/www.aero-club-poitou.fr\/boutique\/produit\/bapteme-de-lair-poitiers-2-ou-3-personnes\/"]}]},{"@type":"ImageObject","inLanguage":"fr-FR","@id":"https:\/\/www.aero-club-poitou.fr\/boutique\/produit\/bapteme-de-lair-poitiers-2-ou-3-personnes\/#primaryimage","url":"https:\/\/i0.wp.com\/www.aero-club-poitou.fr\/boutique\/wp-content\/uploads\/2018\/05\/IMG_5134.jpg?fit=5184%2C3456&ssl=1","contentUrl":"https:\/\/i0.wp.com\/www.aero-club-poitou.fr\/boutique\/wp-content\/uploads\/2018\/05\/IMG_5134.jpg?fit=5184%2C3456&ssl=1","width":5184,"height":3456},{"@type":"BreadcrumbList","@id":"https:\/\/www.aero-club-poitou.fr\/boutique\/produit\/bapteme-de-lair-poitiers-2-ou-3-personnes\/#breadcrumb","itemListElement":[{"@type":"ListItem","position":1,"name":"Accueil","item":"https:\/\/www.aero-club-poitou.fr\/boutique\/"},{"@type":"ListItem","position":2,"name":"Boutique","item":"https:\/\/www.aero-club-poitou.fr\/boutique\/"},{"@type":"ListItem","position":3,"name":"Bapt\u00eame de l\u2019air &#8211; Poitiers &#8211; 2 ou 3 personnes"}]},{"@type":"WebSite","@id":"https:\/\/www.aero-club-poitou.fr\/boutique\/#website","url":"https:\/\/www.aero-club-poitou.fr\/boutique\/","name":"Boutique de l'aeroclub du Poitou","description":"","publisher":{"@id":"https:\/\/www.aero-club-poitou.fr\/boutique\/#organization"},"potentialAction":[{"@type":"SearchAction","target":{"@type":"EntryPoint","urlTemplate":"https:\/\/www.aero-club-poitou.fr\/boutique\/?s={search_term_string}"},"query-input":{"@type":"PropertyValueSpecification","valueRequired":true,"valueName":"search_term_string"}}],"inLanguage":"fr-FR"},{"@type":"Organization","@id":"https:\/\/www.aero-club-poitou.fr\/boutique\/#organization","name":"A\u00e9roclub du Poitou","url":"https:\/\/www.aero-club-poitou.fr\/boutique\/","logo":{"@type":"ImageObject","inLanguage":"fr-FR","@id":"https:\/\/www.aero-club-poitou.fr\/boutique\/#\/schema\/logo\/image\/","url":"https:\/\/i0.wp.com\/www.aero-club-poitou.fr\/boutique\/wp-content\/uploads\/2018\/05\/tp-aero-club-du-poitou.jpg?fit=221%2C222&ssl=1","contentUrl":"https:\/\/i0.wp.com\/www.aero-club-poitou.fr\/boutique\/wp-content\/uploads\/2018\/05\/tp-aero-club-du-poitou.jpg?fit=221%2C222&ssl=1","width":221,"height":222,"caption":"A\u00e9roclub du Poitou"},"image":{"@id":"https:\/\/www.aero-club-poitou.fr\/boutique\/#\/schema\/logo\/image\/"},"sameAs":["https:\/\/x.com\/aeroclubpoitou"]}]}},"jetpack_sharing_enabled":true,"_links":{"self":[{"href":"https:\/\/www.aero-club-poitou.fr\/boutique\/wp-json\/wp\/v2\/product\/43","targetHints":{"allow":["GET"]}}],"collection":[{"href":"https:\/\/www.aero-club-poitou.fr\/boutique\/wp-json\/wp\/v2\/product"}],"about":[{"href":"https:\/\/www.aero-club-poitou.fr\/boutique\/wp-json\/wp\/v2\/types\/product"}],"replies":[{"embeddable":true,"href":"https:\/\/www.aero-club-poitou.fr\/boutique\/wp-json\/wp\/v2\/comments?post=43"}],"wp:featuredmedia":[{"embeddable":true,"href":"https:\/\/www.aero-club-poitou.fr\/boutique\/wp-json\/wp\/v2\/media\/326"}],"wp:attachment":[{"href":"https:\/\/www.aero-club-poitou.fr\/boutique\/wp-json\/wp\/v2\/media?parent=43"}],"wp:term":[{"taxonomy":"product_brand","embeddable":true,"href":"https:\/\/www.aero-club-poitou.fr\/boutique\/wp-json\/wp\/v2\/product_brand?post=43"},{"taxonomy":"product_cat","embeddable":true,"href":"https:\/\/www.aero-club-poitou.fr\/boutique\/wp-json\/wp\/v2\/product_cat?post=43"},{"taxonomy":"product_tag","embeddable":true,"href":"https:\/\/www.aero-club-poitou.fr\/boutique\/wp-json\/wp\/v2\/product_tag?post=43"}],"curies":[{"name":"wp","href":"https:\/\/api.w.org\/{rel}","templated":true}]}}