{"id":47,"date":"2018-05-23T12:25:43","date_gmt":"2018-05-23T10:25:43","guid":{"rendered":"https:\/\/www.aero-club-poitou.fr\/boutique\/?post_type=product&#038;p=47"},"modified":"2024-08-17T17:28:41","modified_gmt":"2024-08-17T15:28:41","slug":"stage-decouverte-3-x-30-minutes","status":"publish","type":"product","link":"https:\/\/www.aero-club-poitou.fr\/boutique\/produit\/stage-decouverte-3-x-30-minutes\/","title":{"rendered":"Stage d\u00e9couverte 3 x 30 minutes"},"content":{"rendered":"<p>Le stage de d\u00e9couverte se compose :<\/p>\n<ul>\n<li>de cours th\u00e9oriques au sol\n<ul>\n<li>Comment l&rsquo;avion vole-t-il ?<\/li>\n<li>Effet des gouvernes de direction<\/li>\n<li>Visite pr\u00e9-vol.<\/li>\n<li>Utilisation de l&rsquo;avion en vol.<\/li>\n<\/ul>\n<\/li>\n<li>de 3 vols de 30 minutes \u00e0 bord d&rsquo;un Cessna 150\/152 ou un Evektor SportStar.<\/li>\n<\/ul>\n<p><strong>C&rsquo;est vous qui pilotez sous la supervision de l&rsquo;instructeur.<\/strong><\/p>\n<p>Si, \u00e0 l&rsquo;issue de ce stage vous d\u00e9cidez de commencer une formation, cette heure et demie sera inscrite dans votre carnet de vol comme temps de formation.<\/p>\n<p><strong>Avant la date souhait\u00e9e du vol :<\/strong><\/p>\n<ul>\n<li>Munissez vous du bon d&rsquo;\u00e9change afin de pouvoir nous indiquer le code imprim\u00e9 sur celui-ci<\/li>\n<li>Contacter un de nos instructeurs aux num\u00e9ros indiqu\u00e9s sur le bon d&rsquo;\u00e9change afin de prendre rendez-vous<\/li>\n<\/ul>\n<p><strong>Le jour du vol :<\/strong><\/p>\n<ul>\n<li>Pensez \u00e0 vous munir de lunettes de soleil<\/li>\n<li>Rendez vous \u00e0 l&rsquo;a\u00e9roclub du Poitou \u00e0 l&rsquo;heure convenue par t\u00e9l\u00e9phone : <em>rue du sous-lieutenant Collart,\u00a086580 Biard<\/em><\/li>\n<\/ul>\n<p><strong>Le tarif du stage comprend l&rsquo;int\u00e9gralit\u00e9 de la prestation :\u00a0<\/strong><\/p>\n<ul>\n<li>L&rsquo;adh\u00e9sion \u00e0 l&rsquo;A\u00e9roclub du Poitou en tant que membre temporaire.<\/li>\n<li>Les cours th\u00e9oriques &amp; 1h30 de vol.<\/li>\n<\/ul>\n","protected":false},"excerpt":{"rendered":"<p>C&rsquo;est vous le pilote !<\/p>\n<p>Apr\u00e8s une s\u00e9ance th\u00e9orique au sol avec un de nos instructeurs, vous d\u00e9collerez sur le si\u00e8ge pilote pour vos premiers cours de pilotage.<\/p>\n<p>D\u00e8s paiement de votre achat, un bon d\u2019\u00e9change valable 1 an vous sera envoy\u00e9 par email.<\/p>\n<p><span style=\"color: #ff0000;\"><strong>Coordonn\u00e9es du b\u00e9n\u00e9ficiaire du stage :\u00a0<\/strong><\/span><\/p>\n","protected":false},"featured_media":328,"comment_status":"open","ping_status":"closed","template":"","meta":[],"product_brand":[],"product_cat":[15],"product_tag":[],"class_list":{"0":"post-47","1":"product","2":"type-product","3":"status-publish","4":"has-post-thumbnail","6":"product_cat-vols","8":"first","9":"instock","10":"downloadable","11":"purchasable","12":"product-type-simple"},"yoast_head":"<!-- This site is optimized with the Yoast SEO plugin v27.5 - https:\/\/yoast.com\/product\/yoast-seo-wordpress\/ -->\n<title>Stage d\u00e9couverte 3 x 30 minutes - A\u00e9roclub du Poitou<\/title>\n<meta name=\"description\" content=\"C&#039;est vous le pilote! Apr\u00e8s une s\u00e9ance th\u00e9orique au sol avec un de nos instructeurs, vous d\u00e9collerez sur le si\u00e8ge pilote pour vos premiers cours de pilotage\" \/>\n<meta name=\"robots\" content=\"index, follow, max-snippet:-1, max-image-preview:large, max-video-preview:-1\" \/>\n<link rel=\"canonical\" href=\"https:\/\/www.aero-club-poitou.fr\/boutique\/produit\/stage-decouverte-3-x-30-minutes\/\" \/>\n<meta property=\"og:locale\" content=\"fr_FR\" \/>\n<meta property=\"og:type\" content=\"article\" \/>\n<meta property=\"og:title\" content=\"Stage d\u00e9couverte 3 x 30 minutes - A\u00e9roclub du Poitou\" \/>\n<meta property=\"og:description\" content=\"C&#039;est vous le pilote! Apr\u00e8s une s\u00e9ance th\u00e9orique au sol avec un de nos instructeurs, vous d\u00e9collerez sur le si\u00e8ge pilote pour vos premiers cours de pilotage\" \/>\n<meta property=\"og:url\" content=\"https:\/\/www.aero-club-poitou.fr\/boutique\/produit\/stage-decouverte-3-x-30-minutes\/\" \/>\n<meta property=\"og:site_name\" content=\"A\u00e9roclub du Poitou\" \/>\n<meta property=\"article:modified_time\" content=\"2024-08-17T15:28:41+00:00\" \/>\n<meta property=\"og:image\" content=\"https:\/\/www.aero-club-poitou.fr\/boutique\/wp-content\/uploads\/2018\/05\/GMOU-7-1024x723.jpg\" \/>\n\t<meta property=\"og:image:width\" content=\"1024\" \/>\n\t<meta property=\"og:image:height\" content=\"723\" \/>\n\t<meta property=\"og:image:type\" content=\"image\/jpeg\" \/>\n<meta name=\"twitter:card\" content=\"summary_large_image\" \/>\n<meta name=\"twitter:site\" content=\"@aeroclubpoitou\" \/>\n<meta name=\"twitter:label1\" content=\"Dur\u00e9e de lecture estim\u00e9e\" \/>\n\t<meta name=\"twitter:data1\" content=\"2 minutes\" \/>\n<script type=\"application\/ld+json\" class=\"yoast-schema-graph\">{\"@context\":\"https:\\\/\\\/schema.org\",\"@graph\":[{\"@type\":\"WebPage\",\"@id\":\"https:\\\/\\\/www.aero-club-poitou.fr\\\/boutique\\\/produit\\\/stage-decouverte-3-x-30-minutes\\\/\",\"url\":\"https:\\\/\\\/www.aero-club-poitou.fr\\\/boutique\\\/produit\\\/stage-decouverte-3-x-30-minutes\\\/\",\"name\":\"Stage d\u00e9couverte 3 x 30 minutes - A\u00e9roclub du Poitou\",\"isPartOf\":{\"@id\":\"https:\\\/\\\/www.aero-club-poitou.fr\\\/boutique\\\/#website\"},\"primaryImageOfPage\":{\"@id\":\"https:\\\/\\\/www.aero-club-poitou.fr\\\/boutique\\\/produit\\\/stage-decouverte-3-x-30-minutes\\\/#primaryimage\"},\"image\":{\"@id\":\"https:\\\/\\\/www.aero-club-poitou.fr\\\/boutique\\\/produit\\\/stage-decouverte-3-x-30-minutes\\\/#primaryimage\"},\"thumbnailUrl\":\"https:\\\/\\\/i0.wp.com\\\/www.aero-club-poitou.fr\\\/boutique\\\/wp-content\\\/uploads\\\/2018\\\/05\\\/GMOU-7.jpg?fit=3435%2C2426&ssl=1\",\"datePublished\":\"2018-05-23T10:25:43+00:00\",\"dateModified\":\"2024-08-17T15:28:41+00:00\",\"description\":\"C'est vous le pilote! Apr\u00e8s une s\u00e9ance th\u00e9orique au sol avec un de nos instructeurs, vous d\u00e9collerez sur le si\u00e8ge pilote pour vos premiers cours de pilotage\",\"breadcrumb\":{\"@id\":\"https:\\\/\\\/www.aero-club-poitou.fr\\\/boutique\\\/produit\\\/stage-decouverte-3-x-30-minutes\\\/#breadcrumb\"},\"inLanguage\":\"fr-FR\",\"potentialAction\":[{\"@type\":\"ReadAction\",\"target\":[\"https:\\\/\\\/www.aero-club-poitou.fr\\\/boutique\\\/produit\\\/stage-decouverte-3-x-30-minutes\\\/\"]}]},{\"@type\":\"ImageObject\",\"inLanguage\":\"fr-FR\",\"@id\":\"https:\\\/\\\/www.aero-club-poitou.fr\\\/boutique\\\/produit\\\/stage-decouverte-3-x-30-minutes\\\/#primaryimage\",\"url\":\"https:\\\/\\\/i0.wp.com\\\/www.aero-club-poitou.fr\\\/boutique\\\/wp-content\\\/uploads\\\/2018\\\/05\\\/GMOU-7.jpg?fit=3435%2C2426&ssl=1\",\"contentUrl\":\"https:\\\/\\\/i0.wp.com\\\/www.aero-club-poitou.fr\\\/boutique\\\/wp-content\\\/uploads\\\/2018\\\/05\\\/GMOU-7.jpg?fit=3435%2C2426&ssl=1\",\"width\":3435,\"height\":2426},{\"@type\":\"BreadcrumbList\",\"@id\":\"https:\\\/\\\/www.aero-club-poitou.fr\\\/boutique\\\/produit\\\/stage-decouverte-3-x-30-minutes\\\/#breadcrumb\",\"itemListElement\":[{\"@type\":\"ListItem\",\"position\":1,\"name\":\"Accueil\",\"item\":\"https:\\\/\\\/www.aero-club-poitou.fr\\\/boutique\\\/\"},{\"@type\":\"ListItem\",\"position\":2,\"name\":\"Boutique\",\"item\":\"https:\\\/\\\/www.aero-club-poitou.fr\\\/boutique\\\/\"},{\"@type\":\"ListItem\",\"position\":3,\"name\":\"Stage d\u00e9couverte 3 x 30 minutes\"}]},{\"@type\":\"WebSite\",\"@id\":\"https:\\\/\\\/www.aero-club-poitou.fr\\\/boutique\\\/#website\",\"url\":\"https:\\\/\\\/www.aero-club-poitou.fr\\\/boutique\\\/\",\"name\":\"Boutique de l'aeroclub du Poitou\",\"description\":\"\",\"publisher\":{\"@id\":\"https:\\\/\\\/www.aero-club-poitou.fr\\\/boutique\\\/#organization\"},\"potentialAction\":[{\"@type\":\"SearchAction\",\"target\":{\"@type\":\"EntryPoint\",\"urlTemplate\":\"https:\\\/\\\/www.aero-club-poitou.fr\\\/boutique\\\/?s={search_term_string}\"},\"query-input\":{\"@type\":\"PropertyValueSpecification\",\"valueRequired\":true,\"valueName\":\"search_term_string\"}}],\"inLanguage\":\"fr-FR\"},{\"@type\":\"Organization\",\"@id\":\"https:\\\/\\\/www.aero-club-poitou.fr\\\/boutique\\\/#organization\",\"name\":\"A\u00e9roclub du Poitou\",\"url\":\"https:\\\/\\\/www.aero-club-poitou.fr\\\/boutique\\\/\",\"logo\":{\"@type\":\"ImageObject\",\"inLanguage\":\"fr-FR\",\"@id\":\"https:\\\/\\\/www.aero-club-poitou.fr\\\/boutique\\\/#\\\/schema\\\/logo\\\/image\\\/\",\"url\":\"https:\\\/\\\/i0.wp.com\\\/www.aero-club-poitou.fr\\\/boutique\\\/wp-content\\\/uploads\\\/2018\\\/05\\\/tp-aero-club-du-poitou.jpg?fit=221%2C222&ssl=1\",\"contentUrl\":\"https:\\\/\\\/i0.wp.com\\\/www.aero-club-poitou.fr\\\/boutique\\\/wp-content\\\/uploads\\\/2018\\\/05\\\/tp-aero-club-du-poitou.jpg?fit=221%2C222&ssl=1\",\"width\":221,\"height\":222,\"caption\":\"A\u00e9roclub du Poitou\"},\"image\":{\"@id\":\"https:\\\/\\\/www.aero-club-poitou.fr\\\/boutique\\\/#\\\/schema\\\/logo\\\/image\\\/\"},\"sameAs\":[\"https:\\\/\\\/x.com\\\/aeroclubpoitou\"]}]}<\/script>\n<!-- \/ Yoast SEO plugin. -->","yoast_head_json":{"title":"Stage d\u00e9couverte 3 x 30 minutes - A\u00e9roclub du Poitou","description":"C'est vous le pilote! Apr\u00e8s une s\u00e9ance th\u00e9orique au sol avec un de nos instructeurs, vous d\u00e9collerez sur le si\u00e8ge pilote pour vos premiers cours de pilotage","robots":{"index":"index","follow":"follow","max-snippet":"max-snippet:-1","max-image-preview":"max-image-preview:large","max-video-preview":"max-video-preview:-1"},"canonical":"https:\/\/www.aero-club-poitou.fr\/boutique\/produit\/stage-decouverte-3-x-30-minutes\/","og_locale":"fr_FR","og_type":"article","og_title":"Stage d\u00e9couverte 3 x 30 minutes - A\u00e9roclub du Poitou","og_description":"C'est vous le pilote! Apr\u00e8s une s\u00e9ance th\u00e9orique au sol avec un de nos instructeurs, vous d\u00e9collerez sur le si\u00e8ge pilote pour vos premiers cours de pilotage","og_url":"https:\/\/www.aero-club-poitou.fr\/boutique\/produit\/stage-decouverte-3-x-30-minutes\/","og_site_name":"A\u00e9roclub du Poitou","article_modified_time":"2024-08-17T15:28:41+00:00","og_image":[{"width":1024,"height":723,"url":"https:\/\/www.aero-club-poitou.fr\/boutique\/wp-content\/uploads\/2018\/05\/GMOU-7-1024x723.jpg","type":"image\/jpeg"}],"twitter_card":"summary_large_image","twitter_site":"@aeroclubpoitou","twitter_misc":{"Dur\u00e9e de lecture estim\u00e9e":"2 minutes"},"schema":{"@context":"https:\/\/schema.org","@graph":[{"@type":"WebPage","@id":"https:\/\/www.aero-club-poitou.fr\/boutique\/produit\/stage-decouverte-3-x-30-minutes\/","url":"https:\/\/www.aero-club-poitou.fr\/boutique\/produit\/stage-decouverte-3-x-30-minutes\/","name":"Stage d\u00e9couverte 3 x 30 minutes - A\u00e9roclub du Poitou","isPartOf":{"@id":"https:\/\/www.aero-club-poitou.fr\/boutique\/#website"},"primaryImageOfPage":{"@id":"https:\/\/www.aero-club-poitou.fr\/boutique\/produit\/stage-decouverte-3-x-30-minutes\/#primaryimage"},"image":{"@id":"https:\/\/www.aero-club-poitou.fr\/boutique\/produit\/stage-decouverte-3-x-30-minutes\/#primaryimage"},"thumbnailUrl":"https:\/\/i0.wp.com\/www.aero-club-poitou.fr\/boutique\/wp-content\/uploads\/2018\/05\/GMOU-7.jpg?fit=3435%2C2426&ssl=1","datePublished":"2018-05-23T10:25:43+00:00","dateModified":"2024-08-17T15:28:41+00:00","description":"C'est vous le pilote! Apr\u00e8s une s\u00e9ance th\u00e9orique au sol avec un de nos instructeurs, vous d\u00e9collerez sur le si\u00e8ge pilote pour vos premiers cours de pilotage","breadcrumb":{"@id":"https:\/\/www.aero-club-poitou.fr\/boutique\/produit\/stage-decouverte-3-x-30-minutes\/#breadcrumb"},"inLanguage":"fr-FR","potentialAction":[{"@type":"ReadAction","target":["https:\/\/www.aero-club-poitou.fr\/boutique\/produit\/stage-decouverte-3-x-30-minutes\/"]}]},{"@type":"ImageObject","inLanguage":"fr-FR","@id":"https:\/\/www.aero-club-poitou.fr\/boutique\/produit\/stage-decouverte-3-x-30-minutes\/#primaryimage","url":"https:\/\/i0.wp.com\/www.aero-club-poitou.fr\/boutique\/wp-content\/uploads\/2018\/05\/GMOU-7.jpg?fit=3435%2C2426&ssl=1","contentUrl":"https:\/\/i0.wp.com\/www.aero-club-poitou.fr\/boutique\/wp-content\/uploads\/2018\/05\/GMOU-7.jpg?fit=3435%2C2426&ssl=1","width":3435,"height":2426},{"@type":"BreadcrumbList","@id":"https:\/\/www.aero-club-poitou.fr\/boutique\/produit\/stage-decouverte-3-x-30-minutes\/#breadcrumb","itemListElement":[{"@type":"ListItem","position":1,"name":"Accueil","item":"https:\/\/www.aero-club-poitou.fr\/boutique\/"},{"@type":"ListItem","position":2,"name":"Boutique","item":"https:\/\/www.aero-club-poitou.fr\/boutique\/"},{"@type":"ListItem","position":3,"name":"Stage d\u00e9couverte 3 x 30 minutes"}]},{"@type":"WebSite","@id":"https:\/\/www.aero-club-poitou.fr\/boutique\/#website","url":"https:\/\/www.aero-club-poitou.fr\/boutique\/","name":"Boutique de l'aeroclub du Poitou","description":"","publisher":{"@id":"https:\/\/www.aero-club-poitou.fr\/boutique\/#organization"},"potentialAction":[{"@type":"SearchAction","target":{"@type":"EntryPoint","urlTemplate":"https:\/\/www.aero-club-poitou.fr\/boutique\/?s={search_term_string}"},"query-input":{"@type":"PropertyValueSpecification","valueRequired":true,"valueName":"search_term_string"}}],"inLanguage":"fr-FR"},{"@type":"Organization","@id":"https:\/\/www.aero-club-poitou.fr\/boutique\/#organization","name":"A\u00e9roclub du Poitou","url":"https:\/\/www.aero-club-poitou.fr\/boutique\/","logo":{"@type":"ImageObject","inLanguage":"fr-FR","@id":"https:\/\/www.aero-club-poitou.fr\/boutique\/#\/schema\/logo\/image\/","url":"https:\/\/i0.wp.com\/www.aero-club-poitou.fr\/boutique\/wp-content\/uploads\/2018\/05\/tp-aero-club-du-poitou.jpg?fit=221%2C222&ssl=1","contentUrl":"https:\/\/i0.wp.com\/www.aero-club-poitou.fr\/boutique\/wp-content\/uploads\/2018\/05\/tp-aero-club-du-poitou.jpg?fit=221%2C222&ssl=1","width":221,"height":222,"caption":"A\u00e9roclub du Poitou"},"image":{"@id":"https:\/\/www.aero-club-poitou.fr\/boutique\/#\/schema\/logo\/image\/"},"sameAs":["https:\/\/x.com\/aeroclubpoitou"]}]}},"jetpack_sharing_enabled":true,"_links":{"self":[{"href":"https:\/\/www.aero-club-poitou.fr\/boutique\/wp-json\/wp\/v2\/product\/47","targetHints":{"allow":["GET"]}}],"collection":[{"href":"https:\/\/www.aero-club-poitou.fr\/boutique\/wp-json\/wp\/v2\/product"}],"about":[{"href":"https:\/\/www.aero-club-poitou.fr\/boutique\/wp-json\/wp\/v2\/types\/product"}],"replies":[{"embeddable":true,"href":"https:\/\/www.aero-club-poitou.fr\/boutique\/wp-json\/wp\/v2\/comments?post=47"}],"wp:featuredmedia":[{"embeddable":true,"href":"https:\/\/www.aero-club-poitou.fr\/boutique\/wp-json\/wp\/v2\/media\/328"}],"wp:attachment":[{"href":"https:\/\/www.aero-club-poitou.fr\/boutique\/wp-json\/wp\/v2\/media?parent=47"}],"wp:term":[{"taxonomy":"product_brand","embeddable":true,"href":"https:\/\/www.aero-club-poitou.fr\/boutique\/wp-json\/wp\/v2\/product_brand?post=47"},{"taxonomy":"product_cat","embeddable":true,"href":"https:\/\/www.aero-club-poitou.fr\/boutique\/wp-json\/wp\/v2\/product_cat?post=47"},{"taxonomy":"product_tag","embeddable":true,"href":"https:\/\/www.aero-club-poitou.fr\/boutique\/wp-json\/wp\/v2\/product_tag?post=47"}],"curies":[{"name":"wp","href":"https:\/\/api.w.org\/{rel}","templated":true}]}}